



{"id":613,"date":"2023-06-14T21:14:05","date_gmt":"2023-06-14T21:14:05","guid":{"rendered":"https:\/\/peakcottage.com\/madeiranlincs\/david-aveiro-copy\/"},"modified":"2023-06-14T21:18:03","modified_gmt":"2023-06-14T21:18:03","slug":"eduardo-ferme","status":"publish","type":"page","link":"https:\/\/peakcottage.com\/madeiranlincs\/eduardo-ferme\/","title":{"rendered":"Eduardo Ferm\u00e9"},"content":{"rendered":"<!--themify_builder_content-->\n<div id=\"themify_builder_content-613\" data-postid=\"613\" class=\"themify_builder_content themify_builder_content-613 themify_builder tf_clear\">\n    \t<!-- module_row -->\n\t<div  data-lazy=\"1\" class=\"module_row themify_builder_row tb_fzmn559 tb_first tf_clearfix\">\n\t    \t\t<div class=\"row_inner col_align_top tf_box tf_w tf_rel\">\n\t\t\t<div  data-lazy=\"1\" class=\"module_column tb-column col2-1 first tb_h32h560 tf_box\">\n\t    \t    \t        <div class=\"tb-column-inner tf_box tf_w\">\n\t\t    <!-- module image -->\n<div  class=\"module module-image tb_18vb560   image-center tf_mw\" data-lazy=\"1\">\n            <div class=\"image-wrap tf_rel tf_mw\">\n\t\t    <img loading=\"lazy\" decoding=\"async\" src=\"https:\/\/peakcottage.com\/madeiranlincs\/wp-content\/uploads\/2023\/06\/Eduardo-Ferme-768x1024-300x400.jpg\" width=\"300\" height=\"400\" class=\"wp-post-image wp-image-523\" title=\"Eduardo Ferme\" alt=\"Eduardo Ferme\" srcset=\"https:\/\/peakcottage.com\/madeiranlincs\/wp-content\/uploads\/2023\/06\/Eduardo-Ferme-768x1024-300x400.jpg 300w, https:\/\/peakcottage.com\/madeiranlincs\/wp-content\/uploads\/2023\/06\/Eduardo-Ferme-225x300.jpg 225w, https:\/\/peakcottage.com\/madeiranlincs\/wp-content\/uploads\/2023\/06\/Eduardo-Ferme-768x1024.jpg 768w, https:\/\/peakcottage.com\/madeiranlincs\/wp-content\/uploads\/2023\/06\/Eduardo-Ferme.jpg 983w\" sizes=\"auto, (max-width: 300px) 100vw, 300px\" \/>\t\n\t\t<\/div>\n\t<!-- \/image-wrap -->\n    \n    \n<\/div>\n<!-- \/module image -->\t        <\/div>\n\t    \t<\/div>\n\t\t<div  data-lazy=\"1\" class=\"module_column tb-column col2-1 last tb_jkjb561 tf_box\">\n\t    \t    \t        <div class=\"tb-column-inner tf_box tf_w\">\n\t\t    <!-- module text -->\n<div  class=\"module module-text tb_uo3w561   \" data-lazy=\"1\">\n            <div  class=\"tb_text_wrap\">\n    <div class=\"pessoas_geral\">\n<div class=\"small-12 medium-12 large-12 columns\">\n<h2 class=\"pessoa_nome\">Eduardo Leopoldo Ferm\u00e9<\/h2>\n<\/div>\n<div class=\"small-12 medium-12 large-12 columns\"><a class=\"pessoa_categoria3\" href=\"https:\/\/www.uma.pt\/sobre\/faculdades-e-escolas\/ciencias-exatas-e-da-engenharia?contentid=122\">Faculdade de Ci\u00eancias Exatas e da Engenharia<\/a><\/div>\n<\/div>\n<div class=\"row pessoa_geral\">\n<div class=\"small-12 mediun-12 large-12 columns\">\n<p class=\"pessoa_detalhe_detalhe2\"><i class=\"ms-Icon ms-Icon--MapPin\" title=\"MapPin\" aria-hidden=\"true\"><\/i>\u00a0Campus Universit\u00e1rio da Penteada, Piso 2, Sala 2.58<\/p>\n<\/div>\n<div class=\"small-12 medium-12 large-12 columns\">\n<p class=\"pessoa_detalhe_detalhe2 pessoa_detalhe_website\"><i class=\"ms-Icon ms-Icon--Globe\" title=\"Globe\" aria-hidden=\"true\"><\/i>\u00a0<a href=\"http:\/\/cee.uma.pt\/ferme\/\" target=\"_blank\" rel=\"noopener\">http:\/\/cee.uma.pt\/ferme\/<\/a><\/p>\n<\/div>\n<div class=\"small-12 medium-12 large-12 columns\">\n<p class=\"pessoa_detalhe_detalhe2\"><i class=\"ms-Icon ms-Icon--Mail\" title=\"Mail\" aria-hidden=\"true\"><\/i>\u00a0eduardo.ferme@staff.uma.pt<\/p>\n<\/div>\n<div class=\"small-12 medium-12 large-12 columns\">\n<p class=\"pessoa_detalhe_detalhe2\"><i class=\"ms-Icon ms-Icon--Phone\" title=\"Phone\" aria-hidden=\"true\"><\/i>\u00a0(+351) 291 705 179 \/ 5179<\/p>\n<\/div>\n<\/div>    <\/div>\n<\/div>\n<!-- \/module text -->\t        <\/div>\n\t    \t<\/div>\n\t\t    <\/div>\n\t    <!-- \/row_inner -->\n\t<\/div>\n\t<!-- \/module_row -->\n\t\t<!-- module_row -->\n\t<div  data-lazy=\"1\" class=\"module_row themify_builder_row tb_7ia7559 tf_clearfix\" >\n\t    \t\t<div class=\"row_inner col_align_top tf_box tf_w tf_rel\">\n\t\t\t<div  data-lazy=\"1\" class=\"module_column tb-column col-full first tb_jwfn562 tf_box\">\n\t    \t    \t        <div class=\"tb-column-inner tf_box tf_w\">\n\t\t    <!-- module text -->\n<div  class=\"module module-text tb_o4lp562   \" data-lazy=\"1\">\n            <div  class=\"tb_text_wrap\">\n    <h2 class=\"pessoa_descricao2\">Nota Biogr\u00e1fica<\/h2>\n<div class=\"pessoa_descricao_descricao\">Orcid CV: http:\/\/orcid.org\/0000-0002-9618-2421<br \/>Google Scholar Profile: https:\/\/scholar.google.pt\/citations?user=Qu6aCR8AAAAJ&amp;hl=pt-PT&amp;oi=ao<br \/>DBLP Profile: http:\/\/dblp.uni-trier.de\/pers\/hd\/f\/Ferm=eacute=:Eduardo_L=<br \/><br \/>Homepage: http:\/\/cee.uma.pt\/ferme\/<br \/><br \/><\/div>\n<h2 class=\"pessoa_descricao2\">Publica\u00e7\u00f5es<\/h2>\n<div class=\"pessoa_descricao_descricao\">\n<div>\n<p class=\"pessoa_publicacoes\">&#8211; 19th International Conference on Principles of Knowledge Representation and Reasoning., 978-1-956792-01-0, 19th International Conference on Principles of Knowledge Representation and Reasoning., 2022<\/p>\n<p class=\"pessoa_publicacoes\">&#8211; 5th Workshop in Belief Revision, Argumentation, Ontologies and Norms., 5th Workshop in Belief Revision, Argumentation, Ontologies and Norms., 2022<\/p>\n<p class=\"pessoa_publicacoes\">&#8211; Belief Revision and Argumentation: A Critical Comparison., Pietro Baroni, Eduardo Ferm\u00e9, Massimiliano Giacomin, Guillermo Ricardo Simari., 0925-8531, Journal of Logic, Language and Information., 2022, 35<\/p>\n<p class=\"pessoa_publicacoes\">&#8211; Cognitive training involving simulations of instrumental activities of daily living following acquired brain injury: a pilot study with the NeuroAIreh@b platform, J C\u00e2mara, T Paulino, M Sp\u00ednola, D Branco, MS Cameir\u00e3o, AL Faria, L Ferreira, A Moreira, AR Silva, M Vilar, MR Sim\u00f5es, S Berm\u00fadez i Badia, E Ferm\u00e9, ICDVRAT 2022 &#8211; 14th International Conference on Disability Virtual Reality and Associated Technologies, 2022<\/p>\n<p class=\"pessoa_publicacoes\">&#8211; Coherence of probabilistic constraints on Nash equilibria, Sandro Preto, Eduardo Ferme, Marcelo Finger, Journal of the Brazilian Computer Society, 2022, 14<\/p>\n<p class=\"pessoa_publicacoes\">&#8211; IX Col\u00f3quio Internacional Olhares sobre o EnvelhecimentoIXCIOSE22, IX Col\u00f3quio Internacional Olhares sobre o EnvelhecimentoIXCIOSE22, 2022<\/p>\n<p class=\"pessoa_publicacoes\">&#8211; NMR 2022: 20th International Workshop on Non-Monotonic Reasoning, ISSN 1613-0073, NMR 2022: 20th International Workshop on Non-Monotonic Reasoning, 2022<\/p>\n<p class=\"pessoa_publicacoes\">&#8211; Thirty-sixth AAAI Conference on Artificial Intelligence (AAAI-22), 1-57735-876-7, Thirty-sixth AAAI Conference on Artificial Intelligence (AAAI-22), 2022<\/p>\n<p class=\"pessoa_publicacoes\">&#8211; Treino Cognitivo No P\u00f3s-AVC: Um Estudo-Piloto Com A Plataforma NeuroAIreh@B., Joana C\u00e2mara, Teresa Paulino, M\u00f3nica Sp\u00ednola, Diogo Branco, M\u00f3nica Cameir\u00e3o, Ana L\u00facia Faria, Lu\u00eds Ferreira, Andr\u00e9 Moreira, Ana Rita Silva, Manuela Vilar, M\u00e1rio Sim\u00f5es, Sergi Berm\u00fadez i Badia, &amp; Eduardo Ferm\u00e9., Psicologia, Sa\u00fade &amp; Doen\u00e7as, 2022, 8<\/p>\n<p class=\"pessoa_publicacoes\">&#8211; Usability evaluation of cognitive training with the NeuroAIreh@b platform: preliminary results of an ongoing pilot study, T Paulino, J C\u00e2mara, D Branco, L Ferreira, M Sp\u00ednola, AL Faria, MS Cameir\u00e3o, S Bermudez i Badia, E Ferm\u00e9, ICDVRAT 2022 &#8211; 14th International Conference on Disability Virtual Reality and Associated Technologies, 2022<\/p>\n<\/div>\n<\/div>\n<h2 class=\"pessoa_descricao2\">Habilita\u00e7\u00f5es Acad\u00e9micas<\/h2>\n<div class=\"pessoa_descricao_descricao\">\n<p>&#8211; Doutoramento em Philosophy, 2011, Royal Institute of Technology (KTH)<\/p>\n<p>&#8211; Doutoramento em Computer Science, 1999, Universidad de Buenos Aires<\/p>\n<\/div>\n<h2 class=\"pessoa_descricao2\">Cargos Atuais<\/h2>\n<div class=\"pessoa_descricao_descricao\">\n<p class=\"pessoa_detalhe_detalhe\">&#8211; Representantes dos Professores e Investigadores<\/p>\n<\/div>    <\/div>\n<\/div>\n<!-- \/module text -->\t        <\/div>\n\t    \t<\/div>\n\t\t    <\/div>\n\t    <!-- \/row_inner -->\n\t<\/div>\n\t<!-- \/module_row -->\n\t<\/div>\n<!--\/themify_builder_content-->","protected":false},"excerpt":{"rendered":"<p>Eduardo Leopoldo Ferm\u00e9 Faculdade de Ci\u00eancias Exatas e da Engenharia \u00a0Campus Universit\u00e1rio da Penteada, Piso 2, Sala 2.58 \u00a0http:\/\/cee.uma.pt\/ferme\/ \u00a0eduardo.ferme@staff.uma.pt \u00a0(+351) 291 705 179 \/ 5179<\/p>\n","protected":false},"author":2,"featured_media":0,"parent":0,"menu_order":0,"comment_status":"closed","ping_status":"closed","template":"","meta":{"footnotes":""},"class_list":["post-613","page","type-page","status-publish","hentry","has-post-title","has-post-date","has-post-category","has-post-tag","has-post-comment","has-post-author",""],"builder_content":"<img loading=\"lazy\" decoding=\"async\" src=\"https:\/\/peakcottage.com\/madeiranlincs\/wp-content\/uploads\/2023\/06\/Eduardo-Ferme-768x1024-300x400.jpg\" width=\"300\" height=\"400\" title=\"Eduardo Ferme\" alt=\"Eduardo Ferme\" srcset=\"https:\/\/peakcottage.com\/madeiranlincs\/wp-content\/uploads\/2023\/06\/Eduardo-Ferme-768x1024-300x400.jpg 300w, https:\/\/peakcottage.com\/madeiranlincs\/wp-content\/uploads\/2023\/06\/Eduardo-Ferme-225x300.jpg 225w, https:\/\/peakcottage.com\/madeiranlincs\/wp-content\/uploads\/2023\/06\/Eduardo-Ferme-768x1024.jpg 768w, https:\/\/peakcottage.com\/madeiranlincs\/wp-content\/uploads\/2023\/06\/Eduardo-Ferme.jpg 983w\" sizes=\"auto, (max-width: 300px) 100vw, 300px\" \/>\n<h2>Eduardo Leopoldo Ferm\u00e9<\/h2>\n<a href=\"https:\/\/www.uma.pt\/sobre\/faculdades-e-escolas\/ciencias-exatas-e-da-engenharia?contentid=122\">Faculdade de Ci\u00eancias Exatas e da Engenharia<\/a>\n<p>\u00a0Campus Universit\u00e1rio da Penteada, Piso 2, Sala 2.58<\/p>\n<p>\u00a0<a href=\"http:\/\/cee.uma.pt\/ferme\/\" target=\"_blank\" rel=\"noopener\">http:\/\/cee.uma.pt\/ferme\/<\/a><\/p>\n<p>\u00a0eduardo.ferme@staff.uma.pt<\/p>\n<p>\u00a0(+351) 291 705 179 \/ 5179<\/p>\n<h2>Nota Biogr\u00e1fica<\/h2> Orcid CV: http:\/\/orcid.org\/0000-0002-9618-2421<br \/>Google Scholar Profile: https:\/\/scholar.google.pt\/citations?user=Qu6aCR8AAAAJ&amp;hl=pt-PT&amp;oi=ao<br \/>DBLP Profile: http:\/\/dblp.uni-trier.de\/pers\/hd\/f\/Ferm=eacute=:Eduardo_L=<br \/><br \/>Homepage: http:\/\/cee.uma.pt\/ferme\/<br \/><br \/> <h2>Publica\u00e7\u00f5es<\/h2>\n<p>- 19th International Conference on Principles of Knowledge Representation and Reasoning., 978-1-956792-01-0, 19th International Conference on Principles of Knowledge Representation and Reasoning., 2022<\/p> <p>- 5th Workshop in Belief Revision, Argumentation, Ontologies and Norms., 5th Workshop in Belief Revision, Argumentation, Ontologies and Norms., 2022<\/p> <p>- Belief Revision and Argumentation: A Critical Comparison., Pietro Baroni, Eduardo Ferm\u00e9, Massimiliano Giacomin, Guillermo Ricardo Simari., 0925-8531, Journal of Logic, Language and Information., 2022, 35<\/p> <p>- Cognitive training involving simulations of instrumental activities of daily living following acquired brain injury: a pilot study with the NeuroAIreh@b platform, J C\u00e2mara, T Paulino, M Sp\u00ednola, D Branco, MS Cameir\u00e3o, AL Faria, L Ferreira, A Moreira, AR Silva, M Vilar, MR Sim\u00f5es, S Berm\u00fadez i Badia, E Ferm\u00e9, ICDVRAT 2022 - 14th International Conference on Disability Virtual Reality and Associated Technologies, 2022<\/p> <p>- Coherence of probabilistic constraints on Nash equilibria, Sandro Preto, Eduardo Ferme, Marcelo Finger, Journal of the Brazilian Computer Society, 2022, 14<\/p> <p>- IX Col\u00f3quio Internacional Olhares sobre o EnvelhecimentoIXCIOSE22, IX Col\u00f3quio Internacional Olhares sobre o EnvelhecimentoIXCIOSE22, 2022<\/p> <p>- NMR 2022: 20th International Workshop on Non-Monotonic Reasoning, ISSN 1613-0073, NMR 2022: 20th International Workshop on Non-Monotonic Reasoning, 2022<\/p> <p>- Thirty-sixth AAAI Conference on Artificial Intelligence (AAAI-22), 1-57735-876-7, Thirty-sixth AAAI Conference on Artificial Intelligence (AAAI-22), 2022<\/p> <p>- Treino Cognitivo No P\u00f3s-AVC: Um Estudo-Piloto Com A Plataforma NeuroAIreh@B., Joana C\u00e2mara, Teresa Paulino, M\u00f3nica Sp\u00ednola, Diogo Branco, M\u00f3nica Cameir\u00e3o, Ana L\u00facia Faria, Lu\u00eds Ferreira, Andr\u00e9 Moreira, Ana Rita Silva, Manuela Vilar, M\u00e1rio Sim\u00f5es, Sergi Berm\u00fadez i Badia, &amp; Eduardo Ferm\u00e9., Psicologia, Sa\u00fade &amp; Doen\u00e7as, 2022, 8<\/p> <p>- Usability evaluation of cognitive training with the NeuroAIreh@b platform: preliminary results of an ongoing pilot study, T Paulino, J C\u00e2mara, D Branco, L Ferreira, M Sp\u00ednola, AL Faria, MS Cameir\u00e3o, S Bermudez i Badia, E Ferm\u00e9, ICDVRAT 2022 - 14th International Conference on Disability Virtual Reality and Associated Technologies, 2022<\/p>\n<h2>Habilita\u00e7\u00f5es Acad\u00e9micas<\/h2>\n<p>- Doutoramento em Philosophy, 2011, Royal Institute of Technology (KTH)<\/p> <p>- Doutoramento em Computer Science, 1999, Universidad de Buenos Aires<\/p>\n<h2>Cargos Atuais<\/h2>\n<p>- Representantes dos Professores e Investigadores<\/p>","_links":{"self":[{"href":"https:\/\/peakcottage.com\/madeiranlincs\/wp-json\/wp\/v2\/pages\/613","targetHints":{"allow":["GET"]}}],"collection":[{"href":"https:\/\/peakcottage.com\/madeiranlincs\/wp-json\/wp\/v2\/pages"}],"about":[{"href":"https:\/\/peakcottage.com\/madeiranlincs\/wp-json\/wp\/v2\/types\/page"}],"author":[{"embeddable":true,"href":"https:\/\/peakcottage.com\/madeiranlincs\/wp-json\/wp\/v2\/users\/2"}],"replies":[{"embeddable":true,"href":"https:\/\/peakcottage.com\/madeiranlincs\/wp-json\/wp\/v2\/comments?post=613"}],"version-history":[{"count":4,"href":"https:\/\/peakcottage.com\/madeiranlincs\/wp-json\/wp\/v2\/pages\/613\/revisions"}],"predecessor-version":[{"id":618,"href":"https:\/\/peakcottage.com\/madeiranlincs\/wp-json\/wp\/v2\/pages\/613\/revisions\/618"}],"wp:attachment":[{"href":"https:\/\/peakcottage.com\/madeiranlincs\/wp-json\/wp\/v2\/media?parent=613"}],"curies":[{"name":"wp","href":"https:\/\/api.w.org\/{rel}","templated":true}]}}