



{"id":591,"date":"2023-06-14T20:47:44","date_gmt":"2023-06-14T20:47:44","guid":{"rendered":"https:\/\/peakcottage.com\/madeiranlincs\/?page_id=591"},"modified":"2023-07-06T09:54:09","modified_gmt":"2023-07-06T09:54:09","slug":"sergi-i-badia","status":"publish","type":"page","link":"https:\/\/peakcottage.com\/madeiranlincs\/sergi-i-badia\/","title":{"rendered":"Sergi Berm\u00fadez I Badia"},"content":{"rendered":"<!--themify_builder_content-->\n<div id=\"themify_builder_content-591\" data-postid=\"591\" class=\"themify_builder_content themify_builder_content-591 themify_builder tf_clear\">\n    \t<!-- module_row -->\n\t<div  data-lazy=\"1\" class=\"module_row themify_builder_row tb_kw7l636 tb_first tf_clearfix\">\n\t    \t\t<div class=\"row_inner col_align_top tf_box tf_w tf_rel\">\n\t\t\t<div  data-lazy=\"1\" class=\"module_column tb-column col2-1 first tb_dgdo637 tf_box\">\n\t    \t    \t        <div class=\"tb-column-inner tf_box tf_w\">\n\t\t    <!-- module image -->\n<div  class=\"module module-image tb_13bu561   image-center tf_mw\" data-lazy=\"1\">\n            <div class=\"image-wrap tf_rel tf_mw\">\n\t\t    <img loading=\"lazy\" decoding=\"async\" src=\"https:\/\/peakcottage.com\/madeiranlincs\/wp-content\/uploads\/2023\/06\/Sergi-Bermudez-Foto-Redimensionada1-300x300.png\" width=\"300\" height=\"300\" class=\"wp-post-image wp-image-498\" title=\"Sergi-Berm\u00fadez-Foto-Redimensionada[1]\" alt=\"Sergi-Berm\u00fadez-Foto-Redimensionada[1]\" srcset=\"https:\/\/peakcottage.com\/madeiranlincs\/wp-content\/uploads\/2023\/06\/Sergi-Bermudez-Foto-Redimensionada1-300x300.png 300w, https:\/\/peakcottage.com\/madeiranlincs\/wp-content\/uploads\/2023\/06\/Sergi-Bermudez-Foto-Redimensionada1-150x150.png 150w, https:\/\/peakcottage.com\/madeiranlincs\/wp-content\/uploads\/2023\/06\/Sergi-Bermudez-Foto-Redimensionada1-768x768.png 768w, https:\/\/peakcottage.com\/madeiranlincs\/wp-content\/uploads\/2023\/06\/Sergi-Bermudez-Foto-Redimensionada1.png 1024w\" sizes=\"auto, (max-width: 300px) 100vw, 300px\" \/>\t\n\t\t<\/div>\n\t<!-- \/image-wrap -->\n    \n    \n<\/div>\n<!-- \/module image -->\t        <\/div>\n\t    \t<\/div>\n\t\t<div  data-lazy=\"1\" class=\"module_column tb-column col2-1 last tb_phih637 tf_box\">\n\t    \t    \t        <div class=\"tb-column-inner tf_box tf_w\">\n\t\t    <!-- module text -->\n<div  class=\"module module-text tb_f35m183   \" data-lazy=\"1\">\n            <div  class=\"tb_text_wrap\">\n    <div class=\"pessoas_geral\">\n<div class=\"small-12 medium-12 large-12 columns\">\n<h2 class=\"pessoa_nome\">Sergi Berm\u00fadez I Badia<\/h2>\n<\/div>\n<div class=\"small-12 medium-12 large-12 columns\"><a class=\"pessoa_categoria3\" href=\"https:\/\/www.uma.pt\/sobre\/faculdades-e-escolas\/ciencias-exatas-e-da-engenharia?contentid=122\">Faculdade de Ci\u00eancias Exatas e da Engenharia<\/a><\/div>\n<\/div>\n<div class=\"row pessoa_geral\">\n<div class=\"small-12 mediun-12 large-12 columns\">\n<p class=\"pessoa_detalhe_detalhe2\"><i class=\"ms-Icon ms-Icon--MapPin\" title=\"MapPin\" aria-hidden=\"true\"><\/i>\u00a0Campus Universit\u00e1rio da Penteada, Piso 2, Sala 2.73<\/p>\n<\/div>\n<div class=\"small-12 medium-12 large-12 columns\">\n<p class=\"pessoa_detalhe_detalhe2 pessoa_detalhe_website\"><i class=\"ms-Icon ms-Icon--Globe\" title=\"Globe\" aria-hidden=\"true\"><\/i>\u00a0<a href=\"http:\/\/neurorehabilitation.m-iti.org\/\" target=\"_blank\" rel=\"noopener\">http:\/\/neurorehabilitation.m-iti.org<\/a><\/p>\n<\/div>\n<div class=\"small-12 medium-12 large-12 columns\">\n<p class=\"pessoa_detalhe_detalhe2\"><i class=\"ms-Icon ms-Icon--Mail\" title=\"Mail\" aria-hidden=\"true\"><\/i>\u00a0sergi.bermudez@staff.uma.pt<\/p>\n<\/div>\n<div class=\"small-12 medium-12 large-12 columns\">\n<p class=\"pessoa_detalhe_detalhe2\"><i class=\"ms-Icon ms-Icon--Phone\" title=\"Phone\" aria-hidden=\"true\"><\/i>\u00a0(+351) 291 705 282 \/ 5282<\/p>\n<\/div>\n<\/div>    <\/div>\n<\/div>\n<!-- \/module text -->\t        <\/div>\n\t    \t<\/div>\n\t\t    <\/div>\n\t    <!-- \/row_inner -->\n\t<\/div>\n\t<!-- \/module_row -->\n\t\t<!-- module_row -->\n\t<div  data-lazy=\"1\" class=\"module_row themify_builder_row tb_dvo9549 tf_clearfix\" >\n\t    \t\t<div class=\"row_inner col_align_top tf_box tf_w tf_rel\">\n\t\t\t<div  data-lazy=\"1\" class=\"module_column tb-column col-full first tb_45ka549 tf_box\">\n\t    \t    \t        <div class=\"tb-column-inner tf_box tf_w\">\n\t\t    <!-- module text -->\n<div  class=\"module module-text tb_uowo573   \" data-lazy=\"1\">\n            <div  class=\"tb_text_wrap\">\n    <h2 class=\"pessoa_descricao2\">Publica\u00e7\u00f5es<\/h2>\n<div class=\"pessoa_descricao_descricao\">\n<div>\n<p class=\"pessoa_publicacoes\">&#8211; 2022 IEEE International Conference on Metrology for eXended Reality, Artificial Intelligence, and Neural Engineering (IEEE MetroXRAINE 2022, 2022 IEEE International Conference on Metrology for eXended Reality, Artificial Intelligence, and Neural Engineering (IEEE MetroXRAINE 2022, 2022<\/p>\n<p class=\"pessoa_publicacoes\">&#8211; A Pilot Study to Evaluate the Feasibility of a Science-based Game Called Symphony to Alleviate Depression Symptoms., iana C. Gon\u00e7alves Mendes, Yuri Almeida, Carla Vale Lucas, Lu\u00edsa Soares and Sergi Berm\u00fadez i Badia., CT for Health, Accessibility and Wellbeing (IC-IHAW 2022)., 2022<\/p>\n<p class=\"pessoa_publicacoes\">&#8211; Adaptive Control of Cardio-respiratory Training in a Virtual Reality Hiking Simulation: A Feasibility Study., Lima, R., Asif, M., Sousa, H., &amp; Berm\u00fadez i Badia, S, 5th International Joint Conference on Biomedical Engineering Systems and Technologies &#8211; BIOSIGNALS, 2022<\/p>\n<p class=\"pessoa_publicacoes\">&#8211; Basis and Clinical Evidence of Virtual Reality-Based Rehabilitation of Sensorimotor Impairments After Stroke, Fluet, G. G., Roy, D., Llorens, R., Berm\u00fadez i Badia, S., &amp; Deutsch, J. E., 978-3-031-08995-4, Springer International Publishing, 2022<\/p>\n<p class=\"pessoa_publicacoes\">&#8211; Customizing a Cognitive Stimulation Program for Individuals with Dementia through a Participatory Design Approach, Sp\u00ednola, M., C\u00e2mara, J., Ferreira, L., Faria, A. L., &amp; Berm\u00fadez i Badia, S., Applied Sciences, 2022<\/p>\n<p class=\"pessoa_publicacoes\">&#8211; Enhancing Motor-Imagery Brain-Computer Interface Training With Embodied Virtual Reality: A Pilot Study With Older Adults., Vourvopoulos, A., Blanco-Mora, D. A., Aldridge, A., Jorge, C., Figueiredo, P., &amp; i Berm\u00fadez i Badia, S., In 2022 IEEE International Conference on Metrology for Extended Reality, Artificial Intelligence and Neural Engineering (MetroXRAINE), 2022<\/p>\n<p class=\"pessoa_publicacoes\">&#8211; Feasibility, Acceptability, and Preliminary Impact of Full-Body Interaction on Computerized Cognitive Training Based on Instrumental Activities of Daily Living: A Pilot Randomized Controlled Trial with Chronic Psychiatric Inpatients, C\u00e2mara, J., Ferreira, L., Faria, A. L., Vilar, M., &amp; Berm\u00fadez i Badia, S., Games for Health Journal, 2022<\/p>\n<p class=\"pessoa_publicacoes\">&#8211; Impact of Combined Music and Reminiscence Cognitive Stimulation in Dementia: A Longitudinal Pilot Study Using Musiquence, Luis Ferreira, M\u00f3nica Sp\u00ednola, Sofia Cavaco and Sergi Berm\u00fadez i Badia., CT for Health, Accessibility and Wellbeing (IC-IHAW 2022), 2022<\/p>\n<p class=\"pessoa_publicacoes\">&#8211; INForum, INForum, 2022<\/p>\n<p class=\"pessoa_publicacoes\">&#8211; IXCIOSE22, Olhares Sobre o Envelhecimento 2022, IXCIOSE22, Olhares Sobre o Envelhecimento 2022, 2022<\/p>\n<\/div>\n<\/div>\n<h2 class=\"pessoa_descricao2\">Habilita\u00e7\u00f5es Acad\u00e9micas<\/h2>\n<div class=\"pessoa_descricao_descricao\">\n<p>&#8211; Doutoramento em Institute for Neuro Informatics \/ Dept. of Information Technology and Electrical Engineering, 2007, Eidgen\u00f6ssische Technische Hochschule Z\u00fcrich<\/p>\n<p>&#8211; Licenciatura em Enginhyeria Superior en Telecomunicacions, 2003, Universitat Polit\u00e8cnica de Catalunya<\/p>\n<\/div>\n<h2 class=\"pessoa_descricao2\">Cargos Atuais<\/h2>\n<div class=\"pessoa_descricao_descricao\">\n<p class=\"pessoa_detalhe_detalhe\">&#8211; Diretor de Curso do Mestrado em Design de Media Interativos &#8211;\u00a0<a class=\"pessoa_cargo_mail\" href=\"mailto:diretor.dmi.2c@mail.uma.pt\">diretor.dmi.2c@mail.uma.pt<\/a><\/p>\n<p>\u00a0<\/p>\n<p class=\"pessoa_detalhe_detalhe\">&#8211; Coordenador do Madeira N-Lincs<\/p>\n<\/div>    <\/div>\n<\/div>\n<!-- \/module text -->\t        <\/div>\n\t    \t<\/div>\n\t\t    <\/div>\n\t    <!-- \/row_inner -->\n\t<\/div>\n\t<!-- \/module_row -->\n\t<\/div>\n<!--\/themify_builder_content-->","protected":false},"excerpt":{"rendered":"<p>Sergi Berm\u00fadez I Badia Faculdade de Ci\u00eancias Exatas e da Engenharia \u00a0Campus Universit\u00e1rio da Penteada, Piso 2, Sala 2.73 \u00a0http:\/\/neurorehabilitation.m-iti.org \u00a0sergi.bermudez@staff.uma.pt \u00a0(+351) 291 705 282 \/ 5282<\/p>\n","protected":false},"author":2,"featured_media":0,"parent":0,"menu_order":0,"comment_status":"closed","ping_status":"closed","template":"","meta":{"footnotes":""},"class_list":["post-591","page","type-page","status-publish","hentry","has-post-title","has-post-date","has-post-category","has-post-tag","has-post-comment","has-post-author",""],"builder_content":"<img loading=\"lazy\" decoding=\"async\" src=\"https:\/\/peakcottage.com\/madeiranlincs\/wp-content\/uploads\/2023\/06\/Sergi-Bermudez-Foto-Redimensionada1-300x300.png\" width=\"300\" height=\"300\" title=\"Sergi-Berm\u00fadez-Foto-Redimensionada[1]\" alt=\"Sergi-Berm\u00fadez-Foto-Redimensionada[1]\" srcset=\"https:\/\/peakcottage.com\/madeiranlincs\/wp-content\/uploads\/2023\/06\/Sergi-Bermudez-Foto-Redimensionada1-300x300.png 300w, https:\/\/peakcottage.com\/madeiranlincs\/wp-content\/uploads\/2023\/06\/Sergi-Bermudez-Foto-Redimensionada1-150x150.png 150w, https:\/\/peakcottage.com\/madeiranlincs\/wp-content\/uploads\/2023\/06\/Sergi-Bermudez-Foto-Redimensionada1-768x768.png 768w, https:\/\/peakcottage.com\/madeiranlincs\/wp-content\/uploads\/2023\/06\/Sergi-Bermudez-Foto-Redimensionada1.png 1024w\" sizes=\"auto, (max-width: 300px) 100vw, 300px\" \/>\n<h2>Sergi Berm\u00fadez I Badia<\/h2>\n<a href=\"https:\/\/www.uma.pt\/sobre\/faculdades-e-escolas\/ciencias-exatas-e-da-engenharia?contentid=122\">Faculdade de Ci\u00eancias Exatas e da Engenharia<\/a>\n<p>\u00a0Campus Universit\u00e1rio da Penteada, Piso 2, Sala 2.73<\/p>\n<p>\u00a0<a href=\"http:\/\/neurorehabilitation.m-iti.org\/\" target=\"_blank\" rel=\"noopener\">http:\/\/neurorehabilitation.m-iti.org<\/a><\/p>\n<p>\u00a0sergi.bermudez@staff.uma.pt<\/p>\n<p>\u00a0(+351) 291 705 282 \/ 5282<\/p>\n<h2>Publica\u00e7\u00f5es<\/h2>\n<p>- 2022 IEEE International Conference on Metrology for eXended Reality, Artificial Intelligence, and Neural Engineering (IEEE MetroXRAINE 2022, 2022 IEEE International Conference on Metrology for eXended Reality, Artificial Intelligence, and Neural Engineering (IEEE MetroXRAINE 2022, 2022<\/p> <p>- A Pilot Study to Evaluate the Feasibility of a Science-based Game Called Symphony to Alleviate Depression Symptoms., iana C. Gon\u00e7alves Mendes, Yuri Almeida, Carla Vale Lucas, Lu\u00edsa Soares and Sergi Berm\u00fadez i Badia., CT for Health, Accessibility and Wellbeing (IC-IHAW 2022)., 2022<\/p> <p>- Adaptive Control of Cardio-respiratory Training in a Virtual Reality Hiking Simulation: A Feasibility Study., Lima, R., Asif, M., Sousa, H., &amp; Berm\u00fadez i Badia, S, 5th International Joint Conference on Biomedical Engineering Systems and Technologies - BIOSIGNALS, 2022<\/p> <p>- Basis and Clinical Evidence of Virtual Reality-Based Rehabilitation of Sensorimotor Impairments After Stroke, Fluet, G. G., Roy, D., Llorens, R., Berm\u00fadez i Badia, S., &amp; Deutsch, J. E., 978-3-031-08995-4, Springer International Publishing, 2022<\/p> <p>- Customizing a Cognitive Stimulation Program for Individuals with Dementia through a Participatory Design Approach, Sp\u00ednola, M., C\u00e2mara, J., Ferreira, L., Faria, A. L., &amp; Berm\u00fadez i Badia, S., Applied Sciences, 2022<\/p> <p>- Enhancing Motor-Imagery Brain-Computer Interface Training With Embodied Virtual Reality: A Pilot Study With Older Adults., Vourvopoulos, A., Blanco-Mora, D. A., Aldridge, A., Jorge, C., Figueiredo, P., &amp; i Berm\u00fadez i Badia, S., In 2022 IEEE International Conference on Metrology for Extended Reality, Artificial Intelligence and Neural Engineering (MetroXRAINE), 2022<\/p> <p>- Feasibility, Acceptability, and Preliminary Impact of Full-Body Interaction on Computerized Cognitive Training Based on Instrumental Activities of Daily Living: A Pilot Randomized Controlled Trial with Chronic Psychiatric Inpatients, C\u00e2mara, J., Ferreira, L., Faria, A. L., Vilar, M., &amp; Berm\u00fadez i Badia, S., Games for Health Journal, 2022<\/p> <p>- Impact of Combined Music and Reminiscence Cognitive Stimulation in Dementia: A Longitudinal Pilot Study Using Musiquence, Luis Ferreira, M\u00f3nica Sp\u00ednola, Sofia Cavaco and Sergi Berm\u00fadez i Badia., CT for Health, Accessibility and Wellbeing (IC-IHAW 2022), 2022<\/p> <p>- INForum, INForum, 2022<\/p> <p>- IXCIOSE22, Olhares Sobre o Envelhecimento 2022, IXCIOSE22, Olhares Sobre o Envelhecimento 2022, 2022<\/p>\n<h2>Habilita\u00e7\u00f5es Acad\u00e9micas<\/h2>\n<p>- Doutoramento em Institute for Neuro Informatics \/ Dept. of Information Technology and Electrical Engineering, 2007, Eidgen\u00f6ssische Technische Hochschule Z\u00fcrich<\/p> <p>- Licenciatura em Enginhyeria Superior en Telecomunicacions, 2003, Universitat Polit\u00e8cnica de Catalunya<\/p>\n<h2>Cargos Atuais<\/h2>\n<p>- Diretor de Curso do Mestrado em Design de Media Interativos -\u00a0<a href=\"mailto:diretor.dmi.2c@mail.uma.pt\">diretor.dmi.2c@mail.uma.pt<\/a><\/p> <p>\u00a0<\/p> <p>- Coordenador do Madeira N-Lincs<\/p>","_links":{"self":[{"href":"https:\/\/peakcottage.com\/madeiranlincs\/wp-json\/wp\/v2\/pages\/591","targetHints":{"allow":["GET"]}}],"collection":[{"href":"https:\/\/peakcottage.com\/madeiranlincs\/wp-json\/wp\/v2\/pages"}],"about":[{"href":"https:\/\/peakcottage.com\/madeiranlincs\/wp-json\/wp\/v2\/types\/page"}],"author":[{"embeddable":true,"href":"https:\/\/peakcottage.com\/madeiranlincs\/wp-json\/wp\/v2\/users\/2"}],"replies":[{"embeddable":true,"href":"https:\/\/peakcottage.com\/madeiranlincs\/wp-json\/wp\/v2\/comments?post=591"}],"version-history":[{"count":12,"href":"https:\/\/peakcottage.com\/madeiranlincs\/wp-json\/wp\/v2\/pages\/591\/revisions"}],"predecessor-version":[{"id":950,"href":"https:\/\/peakcottage.com\/madeiranlincs\/wp-json\/wp\/v2\/pages\/591\/revisions\/950"}],"wp:attachment":[{"href":"https:\/\/peakcottage.com\/madeiranlincs\/wp-json\/wp\/v2\/media?parent=591"}],"curies":[{"name":"wp","href":"https:\/\/api.w.org\/{rel}","templated":true}]}}