



{"id":255,"date":"2021-07-21T10:10:06","date_gmt":"2021-07-21T10:10:06","guid":{"rendered":"https:\/\/peakcottage.com\/madeiranlincs\/?page_id=255"},"modified":"2023-07-17T15:28:13","modified_gmt":"2023-07-17T15:28:13","slug":"activities","status":"publish","type":"page","link":"https:\/\/peakcottage.com\/madeiranlincs\/activities\/","title":{"rendered":"Activities"},"content":{"rendered":"<!--themify_builder_content-->\n<div id=\"themify_builder_content-255\" data-postid=\"255\" class=\"themify_builder_content themify_builder_content-255 themify_builder tf_clear\">\n    \t<!-- module_row -->\n\t<div  data-lazy=\"1\" class=\"module_row themify_builder_row tb_fzpr367 tb_first tf_clearfix\">\n\t    \t\t<div class=\"row_inner col_align_top tf_box tf_w tf_rel\">\n\t\t\t<div  data-lazy=\"1\" class=\"module_column tb-column col-full first tb_1wn0368 tf_box\">\n\t    \t    \t        <div class=\"tb-column-inner tf_box tf_w\">\n\t\t    <!-- module fancy heading -->\n<div  class=\"module module-fancy-heading tb_70wt696 \" data-lazy=\"1\">\n        <h1 class=\"fancy-heading tf_textc\">\n    <span  class=\"main-head tf_block\">\n\tActivities    <\/span>\n    <span class=\"sub-head tf_block tf_rel\">\n\tGraduation Activities- Alumni    <\/span>\n\n    <\/h1>\n<\/div>\n<!-- \/module fancy heading -->\n\t        <\/div>\n\t    \t<\/div>\n\t\t    <\/div>\n\t    <!-- \/row_inner -->\n\t<\/div>\n\t<!-- \/module_row -->\n\t\t<!-- module_row -->\n\t<div  data-lazy=\"1\" class=\"module_row themify_builder_row tb_hrbt0 tf_clearfix\">\n\t    \t\t<div class=\"row_inner col_align_top tf_box tf_w tf_rel\">\n\t\t\t<div  data-lazy=\"1\" class=\"module_column tb-column col-full first tb_59cd1 tf_box\">\n\t    \t    \t        <div class=\"tb-column-inner tf_box tf_w\">\n\t\t    <!-- module image -->\n<div  class=\"module module-image tb_elg0424   image-full-overlay tf_mw\" data-lazy=\"1\">\n            <div class=\"image-wrap tf_rel tf_mw\">\n\t\t    <img loading=\"lazy\" decoding=\"async\" width=\"5288\" height=\"1812\" src=\"https:\/\/peakcottage.com\/madeiranlincs\/wp-content\/uploads\/2023\/07\/statistics-analysis-diagram-data-strategy-growth-concept-4.png\" class=\"wp-post-image wp-image-1020\" title=\"statistics-analysis-diagram-data-strategy-growth-concept\" alt=\"statistics-analysis-diagram-data-strategy-growth-concept\" srcset=\"https:\/\/peakcottage.com\/madeiranlincs\/wp-content\/uploads\/2023\/07\/statistics-analysis-diagram-data-strategy-growth-concept-4.png 5288w, https:\/\/peakcottage.com\/madeiranlincs\/wp-content\/uploads\/2023\/07\/statistics-analysis-diagram-data-strategy-growth-concept-4-300x103.png 300w, https:\/\/peakcottage.com\/madeiranlincs\/wp-content\/uploads\/2023\/07\/statistics-analysis-diagram-data-strategy-growth-concept-4-1024x351.png 1024w, https:\/\/peakcottage.com\/madeiranlincs\/wp-content\/uploads\/2023\/07\/statistics-analysis-diagram-data-strategy-growth-concept-4-768x263.png 768w, https:\/\/peakcottage.com\/madeiranlincs\/wp-content\/uploads\/2023\/07\/statistics-analysis-diagram-data-strategy-growth-concept-4-1536x526.png 1536w, https:\/\/peakcottage.com\/madeiranlincs\/wp-content\/uploads\/2023\/07\/statistics-analysis-diagram-data-strategy-growth-concept-4-2048x702.png 2048w\" sizes=\"auto, (max-width: 5288px) 100vw, 5288px\" \/>\t\n\t\t<\/div>\n\t<!-- \/image-wrap -->\n    \n    \n<\/div>\n<!-- \/module image -->\t        <\/div>\n\t    \t<\/div>\n\t\t    <\/div>\n\t    <!-- \/row_inner -->\n\t<\/div>\n\t<!-- \/module_row -->\n\t\t<!-- module_row -->\n\t<div  data-lazy=\"1\" class=\"module_row themify_builder_row tb_s0s1148 tf_clearfix\">\n\t    \t\t<div class=\"row_inner col_align_top tf_box tf_w tf_rel\">\n\t\t\t<div  data-lazy=\"1\" class=\"module_column tb-column col-full first tb_p1ps148 tf_box\">\n\t    \t    \t        <div class=\"tb-column-inner tf_box tf_w\">\n\t\t    <!-- module text -->\n<div  class=\"module module-text tb_we8f294  repeat \" data-lazy=\"1\">\n            <div  class=\"tb_text_wrap\">\n    <ul>\n<li>Maria Gon\u00e7alves, <a href=\"https:\/\/digituma.uma.pt\/bitstream\/10400.13\/2288\/1\/MestradoMariaJos%C3%A9Gon%C3%A7alves.pdf\" target=\"_blank\" rel=\"noopener\">Modela\u00e7\u00e3o de servi\u00e7os afetos \u00e0 loja do Mun\u00edcipe da CMF e implementa\u00e7\u00e3o de prot\u00f3tipo de portal online<\/a>, 2018, Masters Thesis.<\/li>\n<\/ul>    <\/div>\n<\/div>\n<!-- \/module text -->\t        <\/div>\n\t    \t<\/div>\n\t\t    <\/div>\n\t    <!-- \/row_inner -->\n\t<\/div>\n\t<!-- \/module_row -->\n\t\t<!-- module_row -->\n\t<div  data-lazy=\"1\" class=\"module_row themify_builder_row tb_jzso609 tf_clearfix\">\n\t    \t\t<div class=\"row_inner col_align_top tf_box tf_w tf_rel\">\n\t\t\t<div  data-lazy=\"1\" class=\"module_column tb-column col-full first tb_dsc6610 tf_box\">\n\t    \t    \t        <div class=\"tb-column-inner tf_box tf_w\">\n\t\t    <!-- module text -->\n<div  class=\"module module-text tb_7shu915  repeat \" data-lazy=\"1\">\n            <div  class=\"tb_text_wrap\">\n    <ul>\n<li>Magno Andrade,\u00a0<a href=\"https:\/\/digituma.uma.pt\/bitstream\/10400.13\/2096\/4\/Tese_MagnoAndradeEngInformatica_final.pdf\" target=\"_blank\" rel=\"noopener\">Modela\u00e7\u00e3o e implementa\u00e7\u00e3o de software de apoio a processos de log\u00edstica<\/a>, 2018, Masters Thesis.<\/li>\n<\/ul>    <\/div>\n<\/div>\n<!-- \/module text -->\t        <\/div>\n\t    \t<\/div>\n\t\t    <\/div>\n\t    <!-- \/row_inner -->\n\t<\/div>\n\t<!-- \/module_row -->\n\t\t<!-- module_row -->\n\t<div  data-lazy=\"1\" class=\"module_row themify_builder_row tb_5hl6385 tf_clearfix\">\n\t    \t\t<div class=\"row_inner col_align_top tf_box tf_w tf_rel\">\n\t\t\t<div  data-lazy=\"1\" class=\"module_column tb-column col-full first tb_2fub386 tf_box\">\n\t    \t    \t        <div class=\"tb-column-inner tf_box tf_w\">\n\t\t    <!-- module text -->\n<div  class=\"module module-text tb_ltao922  repeat \" data-lazy=\"1\">\n            <div  class=\"tb_text_wrap\">\n    <ul>\n<li>Eduardo Vasconcelos,\u00a0<a href=\"https:\/\/digituma.uma.pt\/bitstream\/10400.13\/1616\/1\/MestradoEduardoVasconcelos.pdf\" target=\"_blank\" rel=\"noopener\">Gest\u00e3o Web de Livros Digitais<\/a>, 2017, Masters Thesis.\u00a0<\/li>\n<\/ul>    <\/div>\n<\/div>\n<!-- \/module text -->\t        <\/div>\n\t    \t<\/div>\n\t\t    <\/div>\n\t    <!-- \/row_inner -->\n\t<\/div>\n\t<!-- \/module_row -->\n\t\t<!-- module_row -->\n\t<div  data-lazy=\"1\" class=\"module_row themify_builder_row tb_jt77527 tf_clearfix\">\n\t    \t\t<div class=\"row_inner col_align_top tf_box tf_w tf_rel\">\n\t\t\t<div  data-lazy=\"1\" class=\"module_column tb-column col-full first tb_djiw528 tf_box\">\n\t    \t    \t        <div class=\"tb-column-inner tf_box tf_w\">\n\t\t    <!-- module text -->\n<div  class=\"module module-text tb_qr5t864  repeat \" data-lazy=\"1\">\n            <div  class=\"tb_text_wrap\">\n    <ul>\n<li>Carlos Figueira,\u00a0<a href=\"https:\/\/digituma.uma.pt\/bitstream\/10400.13\/655\/1\/MestradoCarlosFigueira.pdf\" target=\"_blank\" rel=\"noopener\">DEMOBAKER \u2013 DEmo MOdels Based Automatic worKflow procEss geneRation<\/a>, 2014, Masters Thesis.<\/li>\n<\/ul>    <\/div>\n<\/div>\n<!-- \/module text -->\t        <\/div>\n\t    \t<\/div>\n\t\t    <\/div>\n\t    <!-- \/row_inner -->\n\t<\/div>\n\t<!-- \/module_row -->\n\t\t<!-- module_row -->\n\t<div  data-lazy=\"1\" class=\"module_row themify_builder_row tb_16t855 tf_clearfix\">\n\t    \t\t<div class=\"row_inner col_align_top tf_box tf_w tf_rel\">\n\t\t\t<div  data-lazy=\"1\" class=\"module_column tb-column col-full first tb_ktkp55 tf_box\">\n\t    \t    \t        <div class=\"tb-column-inner tf_box tf_w\">\n\t\t    <!-- module text -->\n<div  class=\"module module-text tb_i1n0998  repeat \" data-lazy=\"1\">\n            <div  class=\"tb_text_wrap\">\n    <ul>\n<li>Marco Paulo Ferreirinha Garapa, <a href=\"https:\/\/digituma.uma.pt\/bitstream\/10400.13\/1797\/1\/DoutoramentoMarcoGarapa.pdf\" target=\"_blank\" rel=\"noopener\">Advances on Belief Base Dynamics, <\/a>2017, PhD in Mathematics.<\/li>\n<\/ul>    <\/div>\n<\/div>\n<!-- \/module text -->\t        <\/div>\n\t    \t<\/div>\n\t\t    <\/div>\n\t    <!-- \/row_inner -->\n\t<\/div>\n\t<!-- \/module_row -->\n\t\t<!-- module_row -->\n\t<div  data-lazy=\"1\" class=\"module_row themify_builder_row tb_ot5t420 tf_clearfix\">\n\t    \t\t<div class=\"row_inner col_align_top tf_box tf_w tf_rel\">\n\t\t\t<div  data-lazy=\"1\" class=\"module_column tb-column col-full first tb_qso5420 tf_box\">\n\t    \t    \t        <div class=\"tb-column-inner tf_box tf_w\">\n\t\t    <!-- module text -->\n<div  class=\"module module-text tb_94rj238  repeat \" data-lazy=\"1\">\n            <div  class=\"tb_text_wrap\">\n    <ul>\n<li>Ivan Gon\u00e7alo Freitas Teixeira,\u00a0 <a href=\"https:\/\/neurorehablab.arditi.pt\/wp-content\/uploads\/2023\/02\/Ivan-Goncalo-Freitas-Teixeira.pdf\" target=\"_blank\" rel=\"noopener\">Reh@Store: an ecosystem for the management, deployment and update of serious games and virtual environments for health<\/a> , 2022, MSc student Informatics Engineering.<\/li>\n<\/ul>    <\/div>\n<\/div>\n<!-- \/module text -->\t        <\/div>\n\t    \t<\/div>\n\t\t    <\/div>\n\t    <!-- \/row_inner -->\n\t<\/div>\n\t<!-- \/module_row -->\n\t\t<!-- module_row -->\n\t<div  data-lazy=\"1\" class=\"module_row themify_builder_row tb_lqyc830 tf_clearfix\">\n\t    \t\t<div class=\"row_inner col_align_top tf_box tf_w tf_rel\">\n\t\t\t<div  data-lazy=\"1\" class=\"module_column tb-column col-full first tb_lxjq831 tf_box\">\n\t    \t    \t        <div class=\"tb-column-inner tf_box tf_w\">\n\t\t    <!-- module text -->\n<div  class=\"module module-text tb_t3ln78  repeat \" data-lazy=\"1\">\n            <div  class=\"tb_text_wrap\">\n    <ul>\n<li>Min Hun Lee, Joint Doctoral Initiative. <a href=\"https:\/\/www.proquest.com\/openview\/ba001b91ff18a4238cb6d61037ebffd0\/1?pq-origsite=gscholar&amp;cbl=18750&amp;diss=y\" target=\"_blank\" rel=\"noopener\">Interactive Hybrid Intelligence Systems for Human-AI\/Robot Collaboration: Improving the Practices of Physical Stroke Rehabilitation<\/a>\u00a0,2021, PhD Student in IST-CMU,\u00a0Dual CMU PhD degree.<\/li>\n<\/ul>    <\/div>\n<\/div>\n<!-- \/module text -->\t        <\/div>\n\t    \t<\/div>\n\t\t    <\/div>\n\t    <!-- \/row_inner -->\n\t<\/div>\n\t<!-- \/module_row -->\n\t\t<!-- module_row -->\n\t<div  data-lazy=\"1\" class=\"module_row themify_builder_row tb_h8qo562 tf_clearfix\">\n\t    \t\t<div class=\"row_inner col_align_top tf_box tf_w tf_rel\">\n\t\t\t<div  data-lazy=\"1\" class=\"module_column tb-column col-full first tb_2yzk562 tf_box\">\n\t    \t    \t        <div class=\"tb-column-inner tf_box tf_w\">\n\t\t    <!-- module text -->\n<div  class=\"module module-text tb_mbpm494  repeat \" data-lazy=\"1\">\n            <div  class=\"tb_text_wrap\">\n    <ul>\n<li>Luis Miguel Gon\u00e7alves,\u00a0<a href=\"https:\/\/digituma.uma.pt\/bitstream\/10400.13\/3285\/1\/DissertacaoLuisGoncalves.pdf\" target=\"_blank\" rel=\"noopener\">Plataforma Web para Gest\u00e3o e Visualiza\u00e7\u00e3o de Dados de um Sistema de Reabilita\u00e7\u00e3o Cognitiva<\/a>, 2019, MSc Student in Informatics Engineering UMa.<\/li>\n<\/ul>    <\/div>\n<\/div>\n<!-- \/module text -->\t        <\/div>\n\t    \t<\/div>\n\t\t    <\/div>\n\t    <!-- \/row_inner -->\n\t<\/div>\n\t<!-- \/module_row -->\n\t\t<!-- module_row -->\n\t<div  data-lazy=\"1\" class=\"module_row themify_builder_row tb_h6h3915 tf_clearfix\">\n\t    \t\t<div class=\"row_inner col_align_top tf_box tf_w tf_rel\">\n\t\t\t<div  data-lazy=\"1\" class=\"module_column tb-column col-full first tb_5kyn915 tf_box\">\n\t    \t    \t        <div class=\"tb-column-inner tf_box tf_w\">\n\t\t    <!-- module text -->\n<div  class=\"module module-text tb_3c1y727  repeat \" data-lazy=\"1\">\n            <div  class=\"tb_text_wrap\">\n    <ul>\n<li>Ana Filipa Rodrigues Gomes, \u00a0<a href=\"https:\/\/neurorehablab.arditi.pt\/wp-content\/uploads\/2021\/06\/Master%20Thesis%20-%20Sistema%20Realidade%20Virtual%20em%20Oncologia%20Pedi%C3%A1.pdf\" target=\"_blank\" rel=\"noopener\">Meraki \u2013 Virtual reality system for application in pediatric oncology<\/a> , 2021,\u00a0 MSc student in Interactive Media Design. UMa <a href=\"https:\/\/digituma.uma.pt\/bitstream\/10400.13\/3729\/1\/Master%20Thesis%20-%20Sistema%20Realidade%20Virtual%20em%20Oncologia%20Pedi%c3%a1.pdf\" target=\"_blank\" rel=\"noopener\">\u00a0<\/a><a href=\"https:\/\/neurorehablab.arditi.pt\/wp-content\/uploads\/2021\/06\/Master%20Thesis%20-%20Sistema%20Realidade%20Virtual%20em%20Oncologia%20Pedi%C3%A1.pdf\" target=\"_blank\" rel=\"noopener\">(PDF)<\/a><\/li>\n<\/ul>    <\/div>\n<\/div>\n<!-- \/module text -->\t        <\/div>\n\t    \t<\/div>\n\t\t    <\/div>\n\t    <!-- \/row_inner -->\n\t<\/div>\n\t<!-- \/module_row -->\n\t\t<!-- module_row -->\n\t<div  data-lazy=\"1\" class=\"module_row themify_builder_row tb_yrf2576 tf_clearfix\">\n\t    \t\t<div class=\"row_inner col_align_top tf_box tf_w tf_rel\">\n\t\t\t<div  data-lazy=\"1\" class=\"module_column tb-column col-full first tb_ah4j576 tf_box\">\n\t    \t    \t        <div class=\"tb-column-inner tf_box tf_w\">\n\t\t    <!-- module text -->\n<div  class=\"module module-text tb_2kxw236  repeat \" data-lazy=\"1\">\n            <div  class=\"tb_text_wrap\">\n    <ul>\n<li>Afonso Rodrigues Gol\u00e7alves, \u00a0<a href=\"https:\/\/neurorehablab.arditi.pt\/wp-content\/uploads\/2021\/06\/Doctoral_Thesis-Afonso_Goncalves.pdf\" target=\"_blank\" rel=\"noopener\">Fitness applications for healthy older adults using large projection displays: methodology, design, assessment, and field validation<\/a> , 2021, PhD student Informatics Engineering ,\u00a0 HCI.<\/li>\n<\/ul>    <\/div>\n<\/div>\n<!-- \/module text -->\t        <\/div>\n\t    \t<\/div>\n\t\t    <\/div>\n\t    <!-- \/row_inner -->\n\t<\/div>\n\t<!-- \/module_row -->\n\t\t<!-- module_row -->\n\t<div  data-lazy=\"1\" class=\"module_row themify_builder_row tb_f9pw260 tf_clearfix\">\n\t    \t\t<div class=\"row_inner col_align_top tf_box tf_w tf_rel\">\n\t\t\t<div  data-lazy=\"1\" class=\"module_column tb-column col-full first tb_jdgj261 tf_box\">\n\t    \t    \t        <div class=\"tb-column-inner tf_box tf_w\">\n\t\t    <!-- module text -->\n<div  class=\"module module-text tb_510p39  repeat \" data-lazy=\"1\">\n            <div  class=\"tb_text_wrap\">\n    <ul>\n<li>Carlos Costa, <a href=\"https:\/\/digituma.uma.pt\/bitstream\/10400.13\/2990\/1\/ReLiPh%20-%20Rehabilitation%20for%20Lower%20limb%20with%20Phantom%20pain%20%28finalizado%29.pdf\" target=\"_blank\" rel=\"noopener\">ReLiPh: rehabilitation for lower limb with phantom pain<\/a>, 2020,\u00a0 MSc in Interactive Media Design UMa.<\/li>\n<\/ul>    <\/div>\n<\/div>\n<!-- \/module text -->\t        <\/div>\n\t    \t<\/div>\n\t\t    <\/div>\n\t    <!-- \/row_inner -->\n\t<\/div>\n\t<!-- \/module_row -->\n\t\t<!-- module_row -->\n\t<div  data-lazy=\"1\" class=\"module_row themify_builder_row tb_xl71802 tf_clearfix\">\n\t    \t\t<div class=\"row_inner col_align_top tf_box tf_w tf_rel\">\n\t\t\t<div  data-lazy=\"1\" class=\"module_column tb-column col-full first tb_7ezv803 tf_box\">\n\t    \t    \t        <div class=\"tb-column-inner tf_box tf_w\">\n\t\t    <!-- module text -->\n<div  class=\"module module-text tb_r3xw784  repeat \" data-lazy=\"1\">\n            <div  class=\"tb_text_wrap\">\n    <ul>\n<li>John Edison Mu\u00f1oz Cardona,\u00a0 <a href=\"https:\/\/neurorehablab.arditi.pt\/wp-content\/uploads\/2018\/10\/DoutoramentoJohn%20Munoz%20Cardona.pdf\" target=\"_blank\" rel=\"noopener\">Supporting Physical Training in Healthy Older Adults Through Biocybernetic Adaptation and Exergaming<\/a> ,2018,\u00a0 PhD student Informatics Engineering ,HCI UMa.<\/li>\n<\/ul>    <\/div>\n<\/div>\n<!-- \/module text -->\t        <\/div>\n\t    \t<\/div>\n\t\t    <\/div>\n\t    <!-- \/row_inner -->\n\t<\/div>\n\t<!-- \/module_row -->\n\t\t<!-- module_row -->\n\t<div  data-lazy=\"1\" class=\"module_row themify_builder_row tb_wy9d468 tf_clearfix\">\n\t    \t\t<div class=\"row_inner col_align_top tf_box tf_w tf_rel\">\n\t\t\t<div  data-lazy=\"1\" class=\"module_column tb-column col-full first tb_dax0469 tf_box\">\n\t    \t    \t        <div class=\"tb-column-inner tf_box tf_w\">\n\t\t    <!-- module text -->\n<div  class=\"module module-text tb_kcwk906  repeat \" data-lazy=\"1\">\n            <div  class=\"tb_text_wrap\">\n    <ul>\n<li>Harry Vasanth,\u00a0 <a href=\"https:\/\/neurorehablab.arditi.pt\/wp-content\/uploads\/2019\/09\/MestradoHarryharasuthan%20Vasantharajah.pdf\" target=\"_blank\" rel=\"noopener\">Tailoring a Psychophysiologically Driven Rating System<\/a> , 2019,\u00a0 MSc student Informatics Engineering.UMa.<\/li>\n<\/ul>    <\/div>\n<\/div>\n<!-- \/module text -->\t        <\/div>\n\t    \t<\/div>\n\t\t    <\/div>\n\t    <!-- \/row_inner -->\n\t<\/div>\n\t<!-- \/module_row -->\n\t\t<!-- module_row -->\n\t<div  data-lazy=\"1\" class=\"module_row themify_builder_row tb_46fi195 tf_clearfix\">\n\t    \t\t<div class=\"row_inner col_align_top tf_box tf_w tf_rel\">\n\t\t\t<div  data-lazy=\"1\" class=\"module_column tb-column col-full first tb_i1q7195 tf_box\">\n\t    \t    \t        <div class=\"tb-column-inner tf_box tf_w\">\n\t\t    <!-- module text -->\n<div  class=\"module module-text tb_3p49338  repeat \" data-lazy=\"1\">\n            <div  class=\"tb_text_wrap\">\n    <ul>\n<li>Henrique Ferreira,\u00a0 <a href=\"https:\/\/neurorehablab.arditi.pt\/wp-content\/uploads\/2019\/04\/MestradoHenrique%20Ferreira.pdf\" target=\"_blank\" rel=\"noopener\">Animal-Assisted Therapy for Alzheimer Patients using Virtual Reality<\/a> , 2019, MSc student Informatics Engineering.<\/li>\n<\/ul>    <\/div>\n<\/div>\n<!-- \/module text -->\t        <\/div>\n\t    \t<\/div>\n\t\t    <\/div>\n\t    <!-- \/row_inner -->\n\t<\/div>\n\t<!-- \/module_row -->\n\t\t<!-- module_row -->\n\t<div  data-lazy=\"1\" class=\"module_row themify_builder_row tb_9rmk29 tf_clearfix\">\n\t    \t\t<div class=\"row_inner col_align_top tf_box tf_w tf_rel\">\n\t\t\t<div  data-lazy=\"1\" class=\"module_column tb-column col-full first tb_0zzl29 tf_box\">\n\t    \t    \t        <div class=\"tb-column-inner tf_box tf_w\">\n\t\t    <!-- module text -->\n<div  class=\"module module-text tb_90qm635  repeat \" data-lazy=\"1\">\n            <div  class=\"tb_text_wrap\">\n    <ul>\n<li>Athanasios Vourvopoulos, <a href=\"https:\/\/neurorehablab.arditi.pt\/wp-content\/uploads\/2018\/03\/DoutoramentoAthanasios%20Vourvopoulos.pdf\" target=\"_blank\" rel=\"noopener\">Using Brain-Computer Interaction and Multimodal Virtual-Reality dor Augmenting Stroke Rehabilitation<\/a> , 2018, PhD student Informatics Engineering, UMa .<\/li>\n<\/ul>    <\/div>\n<\/div>\n<!-- \/module text -->\t        <\/div>\n\t    \t<\/div>\n\t\t    <\/div>\n\t    <!-- \/row_inner -->\n\t<\/div>\n\t<!-- \/module_row -->\n\t<\/div>\n<!--\/themify_builder_content-->","protected":false},"excerpt":{"rendered":"<p>Maria Gon\u00e7alves, Modela\u00e7\u00e3o de servi\u00e7os afetos \u00e0 loja do Mun\u00edcipe da CMF e implementa\u00e7\u00e3o de prot\u00f3tipo de portal online, 2018, Masters Thesis.<\/p>\n","protected":false},"author":2,"featured_media":0,"parent":0,"menu_order":0,"comment_status":"closed","ping_status":"closed","template":"","meta":{"footnotes":""},"class_list":["post-255","page","type-page","status-publish","hentry","has-post-title","has-post-date","has-post-category","has-post-tag","has-post-comment","has-post-author",""],"builder_content":"<h1>Activities<br\/>Graduation Activities- Alumni<\/h1>\n<img loading=\"lazy\" decoding=\"async\" width=\"5288\" height=\"1812\" src=\"https:\/\/peakcottage.com\/madeiranlincs\/wp-content\/uploads\/2023\/07\/statistics-analysis-diagram-data-strategy-growth-concept-4.png\" title=\"statistics-analysis-diagram-data-strategy-growth-concept\" alt=\"statistics-analysis-diagram-data-strategy-growth-concept\" srcset=\"https:\/\/peakcottage.com\/madeiranlincs\/wp-content\/uploads\/2023\/07\/statistics-analysis-diagram-data-strategy-growth-concept-4.png 5288w, https:\/\/peakcottage.com\/madeiranlincs\/wp-content\/uploads\/2023\/07\/statistics-analysis-diagram-data-strategy-growth-concept-4-300x103.png 300w, https:\/\/peakcottage.com\/madeiranlincs\/wp-content\/uploads\/2023\/07\/statistics-analysis-diagram-data-strategy-growth-concept-4-1024x351.png 1024w, https:\/\/peakcottage.com\/madeiranlincs\/wp-content\/uploads\/2023\/07\/statistics-analysis-diagram-data-strategy-growth-concept-4-768x263.png 768w, https:\/\/peakcottage.com\/madeiranlincs\/wp-content\/uploads\/2023\/07\/statistics-analysis-diagram-data-strategy-growth-concept-4-1536x526.png 1536w, https:\/\/peakcottage.com\/madeiranlincs\/wp-content\/uploads\/2023\/07\/statistics-analysis-diagram-data-strategy-growth-concept-4-2048x702.png 2048w\" sizes=\"auto, (max-width: 5288px) 100vw, 5288px\" \/>\n<ul> <li>Maria Gon\u00e7alves, <a href=\"https:\/\/digituma.uma.pt\/bitstream\/10400.13\/2288\/1\/MestradoMariaJos%C3%A9Gon%C3%A7alves.pdf\" target=\"_blank\" rel=\"noopener\">Modela\u00e7\u00e3o de servi\u00e7os afetos \u00e0 loja do Mun\u00edcipe da CMF e implementa\u00e7\u00e3o de prot\u00f3tipo de portal online<\/a>, 2018, Masters Thesis.<\/li> <\/ul>\n<ul> <li>Magno Andrade,\u00a0<a href=\"https:\/\/digituma.uma.pt\/bitstream\/10400.13\/2096\/4\/Tese_MagnoAndradeEngInformatica_final.pdf\" target=\"_blank\" rel=\"noopener\">Modela\u00e7\u00e3o e implementa\u00e7\u00e3o de software de apoio a processos de log\u00edstica<\/a>, 2018, Masters Thesis.<\/li> <\/ul>\n<ul> <li>Eduardo Vasconcelos,\u00a0<a href=\"https:\/\/digituma.uma.pt\/bitstream\/10400.13\/1616\/1\/MestradoEduardoVasconcelos.pdf\" target=\"_blank\" rel=\"noopener\">Gest\u00e3o Web de Livros Digitais<\/a>, 2017, Masters Thesis.\u00a0<\/li> <\/ul>\n<ul> <li>Carlos Figueira,\u00a0<a href=\"https:\/\/digituma.uma.pt\/bitstream\/10400.13\/655\/1\/MestradoCarlosFigueira.pdf\" target=\"_blank\" rel=\"noopener\">DEMOBAKER \u2013 DEmo MOdels Based Automatic worKflow procEss geneRation<\/a>, 2014, Masters Thesis.<\/li> <\/ul>\n<ul> <li>Marco Paulo Ferreirinha Garapa, <a href=\"https:\/\/digituma.uma.pt\/bitstream\/10400.13\/1797\/1\/DoutoramentoMarcoGarapa.pdf\" target=\"_blank\" rel=\"noopener\">Advances on Belief Base Dynamics, <\/a>2017, PhD in Mathematics.<\/li> <\/ul>\n<ul> <li>Ivan Gon\u00e7alo Freitas Teixeira,\u00a0 <a href=\"https:\/\/neurorehablab.arditi.pt\/wp-content\/uploads\/2023\/02\/Ivan-Goncalo-Freitas-Teixeira.pdf\" target=\"_blank\" rel=\"noopener\">Reh@Store: an ecosystem for the management, deployment and update of serious games and virtual environments for health<\/a> , 2022, MSc student Informatics Engineering.<\/li> <\/ul>\n<ul> <li>Min Hun Lee, Joint Doctoral Initiative. <a href=\"https:\/\/www.proquest.com\/openview\/ba001b91ff18a4238cb6d61037ebffd0\/1?pq-origsite=gscholar&amp;cbl=18750&amp;diss=y\" target=\"_blank\" rel=\"noopener\">Interactive Hybrid Intelligence Systems for Human-AI\/Robot Collaboration: Improving the Practices of Physical Stroke Rehabilitation<\/a>\u00a0,2021, PhD Student in IST-CMU,\u00a0Dual CMU PhD degree.<\/li> <\/ul>\n<ul> <li>Luis Miguel Gon\u00e7alves,\u00a0<a href=\"https:\/\/digituma.uma.pt\/bitstream\/10400.13\/3285\/1\/DissertacaoLuisGoncalves.pdf\" target=\"_blank\" rel=\"noopener\">Plataforma Web para Gest\u00e3o e Visualiza\u00e7\u00e3o de Dados de um Sistema de Reabilita\u00e7\u00e3o Cognitiva<\/a>, 2019, MSc Student in Informatics Engineering UMa.<\/li> <\/ul>\n<ul> <li>Ana Filipa Rodrigues Gomes, \u00a0<a href=\"https:\/\/neurorehablab.arditi.pt\/wp-content\/uploads\/2021\/06\/Master%20Thesis%20-%20Sistema%20Realidade%20Virtual%20em%20Oncologia%20Pedi%C3%A1.pdf\" target=\"_blank\" rel=\"noopener\">Meraki \u2013 Virtual reality system for application in pediatric oncology<\/a> , 2021,\u00a0 MSc student in Interactive Media Design. UMa <a href=\"https:\/\/digituma.uma.pt\/bitstream\/10400.13\/3729\/1\/Master%20Thesis%20-%20Sistema%20Realidade%20Virtual%20em%20Oncologia%20Pedi%c3%a1.pdf\" target=\"_blank\" rel=\"noopener\">\u00a0<\/a><a href=\"https:\/\/neurorehablab.arditi.pt\/wp-content\/uploads\/2021\/06\/Master%20Thesis%20-%20Sistema%20Realidade%20Virtual%20em%20Oncologia%20Pedi%C3%A1.pdf\" target=\"_blank\" rel=\"noopener\">(PDF)<\/a><\/li> <\/ul>\n<ul> <li>Afonso Rodrigues Gol\u00e7alves, \u00a0<a href=\"https:\/\/neurorehablab.arditi.pt\/wp-content\/uploads\/2021\/06\/Doctoral_Thesis-Afonso_Goncalves.pdf\" target=\"_blank\" rel=\"noopener\">Fitness applications for healthy older adults using large projection displays: methodology, design, assessment, and field validation<\/a> , 2021, PhD student Informatics Engineering ,\u00a0 HCI.<\/li> <\/ul>\n<ul> <li>Carlos Costa, <a href=\"https:\/\/digituma.uma.pt\/bitstream\/10400.13\/2990\/1\/ReLiPh%20-%20Rehabilitation%20for%20Lower%20limb%20with%20Phantom%20pain%20%28finalizado%29.pdf\" target=\"_blank\" rel=\"noopener\">ReLiPh: rehabilitation for lower limb with phantom pain<\/a>, 2020,\u00a0 MSc in Interactive Media Design UMa.<\/li> <\/ul>\n<ul> <li>John Edison Mu\u00f1oz Cardona,\u00a0 <a href=\"https:\/\/neurorehablab.arditi.pt\/wp-content\/uploads\/2018\/10\/DoutoramentoJohn%20Munoz%20Cardona.pdf\" target=\"_blank\" rel=\"noopener\">Supporting Physical Training in Healthy Older Adults Through Biocybernetic Adaptation and Exergaming<\/a> ,2018,\u00a0 PhD student Informatics Engineering ,HCI UMa.<\/li> <\/ul>\n<ul> <li>Harry Vasanth,\u00a0 <a href=\"https:\/\/neurorehablab.arditi.pt\/wp-content\/uploads\/2019\/09\/MestradoHarryharasuthan%20Vasantharajah.pdf\" target=\"_blank\" rel=\"noopener\">Tailoring a Psychophysiologically Driven Rating System<\/a> , 2019,\u00a0 MSc student Informatics Engineering.UMa.<\/li> <\/ul>\n<ul> <li>Henrique Ferreira,\u00a0 <a href=\"https:\/\/neurorehablab.arditi.pt\/wp-content\/uploads\/2019\/04\/MestradoHenrique%20Ferreira.pdf\" target=\"_blank\" rel=\"noopener\">Animal-Assisted Therapy for Alzheimer Patients using Virtual Reality<\/a> , 2019, MSc student Informatics Engineering.<\/li> <\/ul>\n<ul> <li>Athanasios Vourvopoulos, <a href=\"https:\/\/neurorehablab.arditi.pt\/wp-content\/uploads\/2018\/03\/DoutoramentoAthanasios%20Vourvopoulos.pdf\" target=\"_blank\" rel=\"noopener\">Using Brain-Computer Interaction and Multimodal Virtual-Reality dor Augmenting Stroke Rehabilitation<\/a> , 2018, PhD student Informatics Engineering, UMa .<\/li> <\/ul>","_links":{"self":[{"href":"https:\/\/peakcottage.com\/madeiranlincs\/wp-json\/wp\/v2\/pages\/255","targetHints":{"allow":["GET"]}}],"collection":[{"href":"https:\/\/peakcottage.com\/madeiranlincs\/wp-json\/wp\/v2\/pages"}],"about":[{"href":"https:\/\/peakcottage.com\/madeiranlincs\/wp-json\/wp\/v2\/types\/page"}],"author":[{"embeddable":true,"href":"https:\/\/peakcottage.com\/madeiranlincs\/wp-json\/wp\/v2\/users\/2"}],"replies":[{"embeddable":true,"href":"https:\/\/peakcottage.com\/madeiranlincs\/wp-json\/wp\/v2\/comments?post=255"}],"version-history":[{"count":92,"href":"https:\/\/peakcottage.com\/madeiranlincs\/wp-json\/wp\/v2\/pages\/255\/revisions"}],"predecessor-version":[{"id":1254,"href":"https:\/\/peakcottage.com\/madeiranlincs\/wp-json\/wp\/v2\/pages\/255\/revisions\/1254"}],"wp:attachment":[{"href":"https:\/\/peakcottage.com\/madeiranlincs\/wp-json\/wp\/v2\/media?parent=255"}],"curies":[{"name":"wp","href":"https:\/\/api.w.org\/{rel}","templated":true}]}}